{"id":1781,"date":"2025-02-14T07:55:48","date_gmt":"2025-02-14T07:55:48","guid":{"rendered":"https:\/\/valorus.lt\/kontaktai\/"},"modified":"2025-09-09T12:35:37","modified_gmt":"2025-09-09T12:35:37","slug":"contacts","status":"publish","type":"page","link":"https:\/\/valorus.lt\/en\/contacts\/","title":{"rendered":"Contacts"},"content":{"rendered":"\n\n<section id=\"contact-us\" class=\"contact-us web-section contact-us-1781\">\n    <div class=\"container\">\n        <div class=\"contact-us__row\">\n            <div class=\"contact-us__sidebar\">\n\t                                <h4 class=\"contact-us__sidebar-title\">\n\t\t\t            Contacts                    <\/h4>\n\t            \t                                <div class=\"footer__column-contacts-block\">\n                        <img loading=\"lazy\" decoding=\"async\" class=\"phone-icon\" src=\"https:\/\/valorus.lt\/wp-content\/themes\/itbrolis\/images\/phone-black.png\" width=\"26\" height=\"26\" alt=\"phone\">\n                        <p>\n                            <strong>\n\t\t\t\t\t            Tel. number                            <\/strong>\n                            <a class=\"contact-link\" href=\"tel:+37069920802\" target=\"_self\" title=\"+370 699 20802\">\n\t\t\t\t\t            +370 699 20802                            <\/a>\n                        <\/p>\n                    <\/div>\n\t            \t                                <div class=\"footer__column-contacts-block\">\n                        <img loading=\"lazy\" decoding=\"async\" class=\"email-icon\" src=\"https:\/\/valorus.lt\/wp-content\/themes\/itbrolis\/images\/email-black.png\" width=\"24\" height=\"22\" alt=\"email\">\n                        <p>\n                            <strong>\n\t\t\t\t\t            Email                            <\/strong>\n                            <a class=\"contact-link\" href=\"mailto:eshop@valorus.lt\" target=\"_self\" title=\"eshop@valorus.lt\">\n\t\t\t\t\t            eshop@valorus.lt                            <\/a>\n                        <\/p>\n                    <\/div>\n\t            \t                                <div class=\"address\">\n                        <img loading=\"lazy\" decoding=\"async\" class=\"address__map\" src=\"https:\/\/valorus.lt\/wp-content\/themes\/itbrolis\/images\/adress-black.png\" width=\"24\" height=\"22\" alt=\"map\">\n                        <div class=\"address__text\">\n\t\t\t\t            <p><strong>Address\u2028<\/strong><\/p>\n<p><a href=\"https:\/\/www.google.com\/maps\/place\/Algirdo+g.+54,+Kaunas+50157\/@54.9146739,23.9259214,17z\/data=!4m5!3m4!1s0x46e71896f53bc349:0xd96e0cbd99a9e1ae!8m2!3d54.9146708!4d23.9281154?shorturl=1\" target=\"_blank\" rel=\"noopener\">Algirdo g. 54, Kaunas, Lithuania<\/a><\/p>\n                        <\/div>\n                    <\/div>\n\t            \t                                <h4 class=\"contact-us__sidebar-title\">\n\t\t\t            Company Information                    <\/h4>\n\t            \t                                <div class=\"contact-us__sidebar-rekvizitai\">\n\t\t\t            <p>UAB &#8220;Valorus&#8221;<\/p>\n<p>Algirdo g. 54, Kaunas, Lithuania<\/p>\n<p>Company code: 135197697<\/p>\n<p>VAT code: LT351976917<\/p>\n<p>Account. No. LT10 4010 0425 0029 6452<\/p>\n                    <\/div>\n\t                        <\/div>\n\t                        <div class=\"contact-us__block\">\n                    <div class=\"contact-us__block-wrapper\">\n\t                                                <div class=\"contact-us__block-text\">\n\t\t\t                    <h2><strong>Contact Form<\/strong><\/h2>\n<p>Looking for something specific or need a custom offer? Get in touch!<\/p>\n                            <\/div>\n\t                    \t                    \n<div class=\"wpcf7 no-js\" id=\"wpcf7-f1780-o1\" lang=\"en-US\" dir=\"ltr\" data-wpcf7-id=\"1780\">\n<div class=\"screen-reader-response\"><p role=\"status\" aria-live=\"polite\" aria-atomic=\"true\"><\/p> <ul><\/ul><\/div>\n<form action=\"\/en\/wp-json\/wp\/v2\/pages\/1781#wpcf7-f1780-o1\" method=\"post\" class=\"wpcf7-form init\" aria-label=\"Contact form\" novalidate=\"novalidate\" data-status=\"init\">\n<fieldset class=\"hidden-fields-container\"><input type=\"hidden\" name=\"_wpcf7\" value=\"1780\" \/><input type=\"hidden\" name=\"_wpcf7_version\" value=\"6.1.4\" \/><input type=\"hidden\" name=\"_wpcf7_locale\" value=\"en_US\" \/><input type=\"hidden\" name=\"_wpcf7_unit_tag\" value=\"wpcf7-f1780-o1\" \/><input type=\"hidden\" name=\"_wpcf7_container_post\" value=\"0\" \/><input type=\"hidden\" name=\"_wpcf7_posted_data_hash\" value=\"\" \/><input type=\"hidden\" name=\"_yeeaddons_cf7_repeater_fields\" value=\"\" \/><input type=\"hidden\" name=\"_wpcf7_recaptcha_response\" value=\"\" \/>\n<\/fieldset>\n<div class=\"form-fields\">\n\t<div class=\"form-field form-field-two-columns\">\n\t\t<div class=\"form-field-block\">\n\t\t\t<p><label> Vardas Pavard\u0117 \/ \u012emon\u0117s pavadinimas <span class=\"required-icon\">*<\/span> <\/label><br \/>\n<span class=\"wpcf7-form-control-wrap\" data-name=\"your-name\"><input size=\"40\" maxlength=\"400\" class=\"wpcf7-form-control wpcf7-text wpcf7-validates-as-required\" autocomplete=\"name\" aria-required=\"true\" aria-invalid=\"false\" value=\"\" type=\"text\" name=\"your-name\" \/><\/span>\n\t\t\t<\/p>\n\t\t<\/div>\n\t\t<div class=\"form-field-block\">\n\t\t\t<p><label> El. pa\u0161to adresas <span class=\"required-icon\">*<\/span> <\/label><br \/>\n<span class=\"wpcf7-form-control-wrap\" data-name=\"your-email\"><input size=\"40\" maxlength=\"400\" class=\"wpcf7-form-control wpcf7-email wpcf7-validates-as-required wpcf7-text wpcf7-validates-as-email\" autocomplete=\"email\" aria-required=\"true\" aria-invalid=\"false\" value=\"\" type=\"email\" name=\"your-email\" \/><\/span>\n\t\t\t<\/p>\n\t\t<\/div>\n\t<\/div>\n\t<div class=\"form-field\">\n\t\t<div class=\"form-field-block\">\n\t\t\t<p><label> Tel. nr. <span class=\"required-icon\">*<\/span><\/label><br \/>\n<span class=\"wpcf7-form-control-wrap\" data-name=\"tel-850\"><input size=\"40\" maxlength=\"400\" class=\"wpcf7-form-control wpcf7-tel wpcf7-validates-as-required wpcf7-text wpcf7-validates-as-tel\" aria-required=\"true\" aria-invalid=\"false\" value=\"\" type=\"tel\" name=\"tel-850\" \/><\/span>\n\t\t\t<\/p>\n\t\t<\/div>\n\t<\/div>\n\t<div class=\"form-field\">\n\t\t<div class=\"form-field-block\">\n\t\t\t<p><label> J\u016bs\u0173 \u017einut\u0117 mums <span class=\"required-icon\">*<\/span><\/label><br \/>\n<span class=\"wpcf7-form-control-wrap\" data-name=\"your-message\"><textarea cols=\"40\" rows=\"10\" maxlength=\"2000\" class=\"wpcf7-form-control wpcf7-textarea wpcf7-validates-as-required\" aria-required=\"true\" aria-invalid=\"false\" name=\"your-message\"><\/textarea><\/span>\n\t\t\t<\/p>\n\t\t<\/div>\n\t<\/div>\n\t<div class=\"form-field\">\n\t\t<div class=\"form-field-block form-field-block-consent\">\n\t\t\t<p><span class=\"wpcf7-form-control-wrap\" data-name=\"acceptance-505\"><span class=\"wpcf7-form-control wpcf7-acceptance\"><span class=\"wpcf7-list-item\"><label><input type=\"checkbox\" name=\"acceptance-505\" value=\"1\" aria-invalid=\"false\" \/><span class=\"wpcf7-list-item-label\">Put the condition for consent here.<\/span><\/label><\/span><\/span><\/span><br \/>\n<label>Su <a href=\"\/privatumo-politika\/\">privatumo politika<\/a> susipa\u017einau <span class=\"required-icon\">*<\/span><\/label>\n\t\t\t<\/p>\n\t\t<\/div>\n\t<\/div>\n<\/div>\n<div class=\"form-bottom\">\n\t<p><input class=\"wpcf7-form-control wpcf7-submit has-spinner\" type=\"submit\" value=\"si\u0173sti u\u017eklaus\u0105\" \/>\n\t<\/p>\n<\/div><div class=\"wpcf7-response-output\" aria-hidden=\"true\"><\/div>\n<\/form>\n<\/div>\n                    <\/div>\n                <\/div>\n\t                <\/div>\n    <\/div>\n\t        <div class=\"contact-us__iframe\">\n            <iframe src=\"https:\/\/www.google.com\/maps\/embed?pb=!1m18!1m12!1m3!1d2293.3093609286525!2d23.9259872768288!3d54.91504327278564!2m3!1f0!2f0!3f0!3m2!1i1024!2i768!4f13.1!3m3!1m2!1s0x46e718966104f4eb%3A0x8766d38dca30046d!2sAlgirdo%20g.%2054%2C%20Kaunas%2C%2050157%20Kauno%20m.%20sav.%2C%20Lithuania!5e0!3m2!1sen!2sua!4v1739689342846!5m2!1sen!2sua\" width=\"600\" height=\"400\" style=\"border:0;\" allowfullscreen=\"\" loading=\"lazy\" referrerpolicy=\"no-referrer-when-downgrade\"><\/iframe>        <\/div>\n\t<\/section>\n\n","protected":false},"excerpt":{"rendered":"","protected":false},"author":1,"featured_media":0,"parent":0,"menu_order":0,"comment_status":"closed","ping_status":"closed","template":"","meta":{"_acf_changed":false,"footnotes":""},"class_list":["post-1781","page","type-page","status-publish","hentry"],"acf":[],"yoast_head":"<!-- This site is optimized with the Yoast SEO plugin v25.6 - https:\/\/yoast.com\/wordpress\/plugins\/seo\/ -->\n<title>Contacts - Valorus<\/title>\n<meta name=\"robots\" content=\"index, follow, max-snippet:-1, max-image-preview:large, max-video-preview:-1\" \/>\n<link rel=\"canonical\" href=\"https:\/\/valorus.lt\/en\/contacts\/\" \/>\n<meta property=\"og:locale\" content=\"en_US\" \/>\n<meta property=\"og:type\" content=\"article\" \/>\n<meta property=\"og:title\" content=\"Contacts - Valorus\" \/>\n<meta property=\"og:url\" content=\"https:\/\/valorus.lt\/en\/contacts\/\" \/>\n<meta property=\"og:site_name\" content=\"Valorus\" \/>\n<meta property=\"article:modified_time\" content=\"2025-09-09T12:35:37+00:00\" \/>\n<meta name=\"twitter:card\" content=\"summary_large_image\" \/>\n<script type=\"application\/ld+json\" class=\"yoast-schema-graph\">{\"@context\":\"https:\/\/schema.org\",\"@graph\":[{\"@type\":\"WebPage\",\"@id\":\"https:\/\/valorus.lt\/en\/contacts\/\",\"url\":\"https:\/\/valorus.lt\/en\/contacts\/\",\"name\":\"Contacts - Valorus\",\"isPartOf\":{\"@id\":\"https:\/\/valorus.lt\/#website\"},\"datePublished\":\"2025-02-14T07:55:48+00:00\",\"dateModified\":\"2025-09-09T12:35:37+00:00\",\"breadcrumb\":{\"@id\":\"https:\/\/valorus.lt\/en\/contacts\/#breadcrumb\"},\"inLanguage\":\"en-US\",\"potentialAction\":[{\"@type\":\"ReadAction\",\"target\":[\"https:\/\/valorus.lt\/en\/contacts\/\"]}]},{\"@type\":\"BreadcrumbList\",\"@id\":\"https:\/\/valorus.lt\/en\/contacts\/#breadcrumb\",\"itemListElement\":[{\"@type\":\"ListItem\",\"position\":1,\"name\":\"Home\",\"item\":\"https:\/\/valorus.lt\/en\/\"},{\"@type\":\"ListItem\",\"position\":2,\"name\":\"Contacts\"}]},{\"@type\":\"WebSite\",\"@id\":\"https:\/\/valorus.lt\/#website\",\"url\":\"https:\/\/valorus.lt\/\",\"name\":\"Valorus\",\"description\":\"Sportin\u0117 Ir Laisvalaikio Apranga\",\"publisher\":{\"@id\":\"https:\/\/valorus.lt\/#organization\"},\"potentialAction\":[{\"@type\":\"SearchAction\",\"target\":{\"@type\":\"EntryPoint\",\"urlTemplate\":\"https:\/\/valorus.lt\/?s={search_term_string}\"},\"query-input\":{\"@type\":\"PropertyValueSpecification\",\"valueRequired\":true,\"valueName\":\"search_term_string\"}}],\"inLanguage\":\"en-US\"},{\"@type\":\"Organization\",\"@id\":\"https:\/\/valorus.lt\/#organization\",\"name\":\"Valorus\",\"url\":\"https:\/\/valorus.lt\/\",\"logo\":{\"@type\":\"ImageObject\",\"inLanguage\":\"en-US\",\"@id\":\"https:\/\/valorus.lt\/#\/schema\/logo\/image\/\",\"url\":\"https:\/\/valorus.lt\/wp-content\/uploads\/2025\/03\/Frame-1428.svg\",\"contentUrl\":\"https:\/\/valorus.lt\/wp-content\/uploads\/2025\/03\/Frame-1428.svg\",\"caption\":\"Valorus\"},\"image\":{\"@id\":\"https:\/\/valorus.lt\/#\/schema\/logo\/image\/\"}}]}<\/script>\n<!-- \/ Yoast SEO plugin. -->","yoast_head_json":{"title":"Contacts - Valorus","robots":{"index":"index","follow":"follow","max-snippet":"max-snippet:-1","max-image-preview":"max-image-preview:large","max-video-preview":"max-video-preview:-1"},"canonical":"https:\/\/valorus.lt\/en\/contacts\/","og_locale":"en_US","og_type":"article","og_title":"Contacts - Valorus","og_url":"https:\/\/valorus.lt\/en\/contacts\/","og_site_name":"Valorus","article_modified_time":"2025-09-09T12:35:37+00:00","twitter_card":"summary_large_image","schema":{"@context":"https:\/\/schema.org","@graph":[{"@type":"WebPage","@id":"https:\/\/valorus.lt\/en\/contacts\/","url":"https:\/\/valorus.lt\/en\/contacts\/","name":"Contacts - Valorus","isPartOf":{"@id":"https:\/\/valorus.lt\/#website"},"datePublished":"2025-02-14T07:55:48+00:00","dateModified":"2025-09-09T12:35:37+00:00","breadcrumb":{"@id":"https:\/\/valorus.lt\/en\/contacts\/#breadcrumb"},"inLanguage":"en-US","potentialAction":[{"@type":"ReadAction","target":["https:\/\/valorus.lt\/en\/contacts\/"]}]},{"@type":"BreadcrumbList","@id":"https:\/\/valorus.lt\/en\/contacts\/#breadcrumb","itemListElement":[{"@type":"ListItem","position":1,"name":"Home","item":"https:\/\/valorus.lt\/en\/"},{"@type":"ListItem","position":2,"name":"Contacts"}]},{"@type":"WebSite","@id":"https:\/\/valorus.lt\/#website","url":"https:\/\/valorus.lt\/","name":"Valorus","description":"Sportin\u0117 Ir Laisvalaikio Apranga","publisher":{"@id":"https:\/\/valorus.lt\/#organization"},"potentialAction":[{"@type":"SearchAction","target":{"@type":"EntryPoint","urlTemplate":"https:\/\/valorus.lt\/?s={search_term_string}"},"query-input":{"@type":"PropertyValueSpecification","valueRequired":true,"valueName":"search_term_string"}}],"inLanguage":"en-US"},{"@type":"Organization","@id":"https:\/\/valorus.lt\/#organization","name":"Valorus","url":"https:\/\/valorus.lt\/","logo":{"@type":"ImageObject","inLanguage":"en-US","@id":"https:\/\/valorus.lt\/#\/schema\/logo\/image\/","url":"https:\/\/valorus.lt\/wp-content\/uploads\/2025\/03\/Frame-1428.svg","contentUrl":"https:\/\/valorus.lt\/wp-content\/uploads\/2025\/03\/Frame-1428.svg","caption":"Valorus"},"image":{"@id":"https:\/\/valorus.lt\/#\/schema\/logo\/image\/"}}]}},"_links":{"self":[{"href":"https:\/\/valorus.lt\/en\/wp-json\/wp\/v2\/pages\/1781","targetHints":{"allow":["GET"]}}],"collection":[{"href":"https:\/\/valorus.lt\/en\/wp-json\/wp\/v2\/pages"}],"about":[{"href":"https:\/\/valorus.lt\/en\/wp-json\/wp\/v2\/types\/page"}],"author":[{"embeddable":true,"href":"https:\/\/valorus.lt\/en\/wp-json\/wp\/v2\/users\/1"}],"replies":[{"embeddable":true,"href":"https:\/\/valorus.lt\/en\/wp-json\/wp\/v2\/comments?post=1781"}],"version-history":[{"count":2,"href":"https:\/\/valorus.lt\/en\/wp-json\/wp\/v2\/pages\/1781\/revisions"}],"predecessor-version":[{"id":1784,"href":"https:\/\/valorus.lt\/en\/wp-json\/wp\/v2\/pages\/1781\/revisions\/1784"}],"wp:attachment":[{"href":"https:\/\/valorus.lt\/en\/wp-json\/wp\/v2\/media?parent=1781"}],"curies":[{"name":"wp","href":"https:\/\/api.w.org\/{rel}","templated":true}]}}