{"id":2153,"date":"2025-05-19T05:15:21","date_gmt":"2025-05-19T02:15:21","guid":{"rendered":"https:\/\/valorus.lt\/product\/ka2\/"},"modified":"2026-01-20T13:59:39","modified_gmt":"2026-01-20T10:59:39","slug":"ka2","status":"publish","type":"product","link":"https:\/\/valorus.lt\/en\/product\/ka2\/","title":{"rendered":"KA119"},"content":{"rendered":"<p>Dominuokite aik\u0161tel\u0117je su m\u016bs\u0173 individualizuotomis krep\u0161inio aprangomis! Sukurtos jud\u0117jimui, \u0161ios aprangos i\u0161 poliesterio u\u017etikrina maksimal\u0173 oro pralaidum\u0105 ir komfort\u0105 intensyvi\u0173 var\u017eyb\u0173 metu. Sublimacin\u0117 spauda leid\u017eia \u012fgyvendinti bet kok\u012f komandos dizain\u0105 \u2013 nuo numeri\u0173 ir pavard\u017ei\u0173 iki \u012fmantri\u0173 grafini\u0173 element\u0173, kurie i\u0161liks ry\u0161k\u016bs viso sezono metu.<\/p>\n<p><strong>Features:<\/strong><\/p>\n<ul>\n<li>Made from durable and lightweight polyester.<\/li>\n<li>Fully customizable design using sublimation technology.<\/li>\n<li>Optimal breathability and moisture management.<\/li>\n<li>Allows full range of motion and ensures comfort.<\/li>\n<li>Colors remain vibrant even after multiple washes.<\/li>\n<\/ul>\n<p><strong>Care Instructions:<\/strong><\/p>\n<ul>\n<li>Machine wash at 30\u201340\u00b0C, turned inside out.<\/li>\n<li>Do not use bleach or fabric softeners.<\/li>\n<li>Hang to dry or tumble dry on low heat.<\/li>\n<li>Iron on low heat if necessary, avoiding direct contact with printed areas.<\/li>\n<\/ul>\n","protected":false},"excerpt":{"rendered":"<p>Dominuokite aik\u0161tel\u0117je su m\u016bs\u0173 individualizuotomis krep\u0161inio aprangomis! Sukurtos jud\u0117jimui, \u0161ios aprangos i\u0161 poliesterio u\u017etikrina maksimal\u0173 oro pralaidum\u0105 ir komfort\u0105 intensyvi\u0173 var\u017eyb\u0173 metu. Sublimacin\u0117 spauda leid\u017eia \u012fgyvendinti bet kok\u012f komandos dizain\u0105 \u2013 nuo numeri\u0173 ir pavard\u017ei\u0173 iki \u012fmantri\u0173 grafini\u0173 element\u0173, kurie i\u0161liks ry\u0161k\u016bs viso sezono metu. Features: Made from durable and lightweight polyester. Fully customizable design [&hellip;]<\/p>\n","protected":false},"featured_media":1212,"comment_status":"open","ping_status":"closed","template":"","meta":{"_acf_changed":false},"product_brand":[],"product_cat":[72],"product_tag":[],"class_list":{"0":"post-2153","1":"product","2":"type-product","3":"status-publish","4":"has-post-thumbnail","6":"product_cat-basketball-competition-uniform","8":"first","9":"instock","10":"taxable","11":"shipping-taxable","12":"purchasable","13":"product-type-simple"},"acf":[],"yoast_head":"<!-- This site is optimized with the Yoast SEO plugin v25.6 - https:\/\/yoast.com\/wordpress\/plugins\/seo\/ -->\n<title>KA119 - Valorus<\/title>\n<meta name=\"robots\" content=\"index, follow, max-snippet:-1, max-image-preview:large, max-video-preview:-1\" \/>\n<link rel=\"canonical\" href=\"https:\/\/valorus.lt\/en\/product\/ka2\/\" \/>\n<meta property=\"og:locale\" content=\"en_US\" \/>\n<meta property=\"og:type\" content=\"article\" \/>\n<meta property=\"og:title\" content=\"KA119 - Valorus\" \/>\n<meta property=\"og:description\" content=\"Dominuokite aik\u0161tel\u0117je su m\u016bs\u0173 individualizuotomis krep\u0161inio aprangomis! Sukurtos jud\u0117jimui, \u0161ios aprangos i\u0161 poliesterio u\u017etikrina maksimal\u0173 oro pralaidum\u0105 ir komfort\u0105 intensyvi\u0173 var\u017eyb\u0173 metu. Sublimacin\u0117 spauda leid\u017eia \u012fgyvendinti bet kok\u012f komandos dizain\u0105 \u2013 nuo numeri\u0173 ir pavard\u017ei\u0173 iki \u012fmantri\u0173 grafini\u0173 element\u0173, kurie i\u0161liks ry\u0161k\u016bs viso sezono metu. Features: Made from durable and lightweight polyester. Fully customizable design [&hellip;]\" \/>\n<meta property=\"og:url\" content=\"https:\/\/valorus.lt\/en\/product\/ka2\/\" \/>\n<meta property=\"og:site_name\" content=\"Valorus\" \/>\n<meta property=\"article:modified_time\" content=\"2026-01-20T10:59:39+00:00\" \/>\n<meta property=\"og:image\" content=\"https:\/\/valorus.lt\/wp-content\/uploads\/2025\/05\/KA2P.png\" \/>\n\t<meta property=\"og:image:width\" content=\"212\" \/>\n\t<meta property=\"og:image:height\" content=\"500\" \/>\n\t<meta property=\"og:image:type\" content=\"image\/png\" \/>\n<meta name=\"twitter:card\" content=\"summary_large_image\" \/>\n<meta name=\"twitter:label1\" content=\"Est. reading time\" \/>\n\t<meta name=\"twitter:data1\" content=\"1 minute\" \/>\n<script type=\"application\/ld+json\" class=\"yoast-schema-graph\">{\"@context\":\"https:\/\/schema.org\",\"@graph\":[{\"@type\":\"WebPage\",\"@id\":\"https:\/\/valorus.lt\/en\/product\/ka2\/\",\"url\":\"https:\/\/valorus.lt\/en\/product\/ka2\/\",\"name\":\"KA119 - Valorus\",\"isPartOf\":{\"@id\":\"https:\/\/valorus.lt\/#website\"},\"primaryImageOfPage\":{\"@id\":\"https:\/\/valorus.lt\/en\/product\/ka2\/#primaryimage\"},\"image\":{\"@id\":\"https:\/\/valorus.lt\/en\/product\/ka2\/#primaryimage\"},\"thumbnailUrl\":\"https:\/\/valorus.lt\/wp-content\/uploads\/2025\/05\/KA2P.png\",\"datePublished\":\"2025-05-19T02:15:21+00:00\",\"dateModified\":\"2026-01-20T10:59:39+00:00\",\"breadcrumb\":{\"@id\":\"https:\/\/valorus.lt\/en\/product\/ka2\/#breadcrumb\"},\"inLanguage\":\"en-US\",\"potentialAction\":[{\"@type\":\"ReadAction\",\"target\":[\"https:\/\/valorus.lt\/en\/product\/ka2\/\"]}]},{\"@type\":\"ImageObject\",\"inLanguage\":\"en-US\",\"@id\":\"https:\/\/valorus.lt\/en\/product\/ka2\/#primaryimage\",\"url\":\"https:\/\/valorus.lt\/wp-content\/uploads\/2025\/05\/KA2P.png\",\"contentUrl\":\"https:\/\/valorus.lt\/wp-content\/uploads\/2025\/05\/KA2P.png\",\"width\":212,\"height\":500},{\"@type\":\"BreadcrumbList\",\"@id\":\"https:\/\/valorus.lt\/en\/product\/ka2\/#breadcrumb\",\"itemListElement\":[{\"@type\":\"ListItem\",\"position\":1,\"name\":\"Home\",\"item\":\"https:\/\/valorus.lt\/en\/\"},{\"@type\":\"ListItem\",\"position\":2,\"name\":\"Product catalog\",\"item\":\"https:\/\/valorus.lt\/en\/product-catalog\/\"},{\"@type\":\"ListItem\",\"position\":3,\"name\":\"Basketball competition uniform\",\"item\":\"https:\/\/valorus.lt\/en\/product-category\/basketball-competition-uniform\/\"},{\"@type\":\"ListItem\",\"position\":4,\"name\":\"KA119\"}]},{\"@type\":\"WebSite\",\"@id\":\"https:\/\/valorus.lt\/#website\",\"url\":\"https:\/\/valorus.lt\/\",\"name\":\"Valorus\",\"description\":\"Sportin\u0117 Ir Laisvalaikio Apranga\",\"publisher\":{\"@id\":\"https:\/\/valorus.lt\/#organization\"},\"potentialAction\":[{\"@type\":\"SearchAction\",\"target\":{\"@type\":\"EntryPoint\",\"urlTemplate\":\"https:\/\/valorus.lt\/?s={search_term_string}\"},\"query-input\":{\"@type\":\"PropertyValueSpecification\",\"valueRequired\":true,\"valueName\":\"search_term_string\"}}],\"inLanguage\":\"en-US\"},{\"@type\":\"Organization\",\"@id\":\"https:\/\/valorus.lt\/#organization\",\"name\":\"Valorus\",\"url\":\"https:\/\/valorus.lt\/\",\"logo\":{\"@type\":\"ImageObject\",\"inLanguage\":\"en-US\",\"@id\":\"https:\/\/valorus.lt\/#\/schema\/logo\/image\/\",\"url\":\"https:\/\/valorus.lt\/wp-content\/uploads\/2025\/03\/Frame-1428.svg\",\"contentUrl\":\"https:\/\/valorus.lt\/wp-content\/uploads\/2025\/03\/Frame-1428.svg\",\"caption\":\"Valorus\"},\"image\":{\"@id\":\"https:\/\/valorus.lt\/#\/schema\/logo\/image\/\"}}]}<\/script>\n<!-- \/ Yoast SEO plugin. -->","yoast_head_json":{"title":"KA119 - Valorus","robots":{"index":"index","follow":"follow","max-snippet":"max-snippet:-1","max-image-preview":"max-image-preview:large","max-video-preview":"max-video-preview:-1"},"canonical":"https:\/\/valorus.lt\/en\/product\/ka2\/","og_locale":"en_US","og_type":"article","og_title":"KA119 - Valorus","og_description":"Dominuokite aik\u0161tel\u0117je su m\u016bs\u0173 individualizuotomis krep\u0161inio aprangomis! Sukurtos jud\u0117jimui, \u0161ios aprangos i\u0161 poliesterio u\u017etikrina maksimal\u0173 oro pralaidum\u0105 ir komfort\u0105 intensyvi\u0173 var\u017eyb\u0173 metu. Sublimacin\u0117 spauda leid\u017eia \u012fgyvendinti bet kok\u012f komandos dizain\u0105 \u2013 nuo numeri\u0173 ir pavard\u017ei\u0173 iki \u012fmantri\u0173 grafini\u0173 element\u0173, kurie i\u0161liks ry\u0161k\u016bs viso sezono metu. Features: Made from durable and lightweight polyester. Fully customizable design [&hellip;]","og_url":"https:\/\/valorus.lt\/en\/product\/ka2\/","og_site_name":"Valorus","article_modified_time":"2026-01-20T10:59:39+00:00","og_image":[{"width":212,"height":500,"url":"https:\/\/valorus.lt\/wp-content\/uploads\/2025\/05\/KA2P.png","type":"image\/png"}],"twitter_card":"summary_large_image","twitter_misc":{"Est. reading time":"1 minute"},"schema":{"@context":"https:\/\/schema.org","@graph":[{"@type":"WebPage","@id":"https:\/\/valorus.lt\/en\/product\/ka2\/","url":"https:\/\/valorus.lt\/en\/product\/ka2\/","name":"KA119 - Valorus","isPartOf":{"@id":"https:\/\/valorus.lt\/#website"},"primaryImageOfPage":{"@id":"https:\/\/valorus.lt\/en\/product\/ka2\/#primaryimage"},"image":{"@id":"https:\/\/valorus.lt\/en\/product\/ka2\/#primaryimage"},"thumbnailUrl":"https:\/\/valorus.lt\/wp-content\/uploads\/2025\/05\/KA2P.png","datePublished":"2025-05-19T02:15:21+00:00","dateModified":"2026-01-20T10:59:39+00:00","breadcrumb":{"@id":"https:\/\/valorus.lt\/en\/product\/ka2\/#breadcrumb"},"inLanguage":"en-US","potentialAction":[{"@type":"ReadAction","target":["https:\/\/valorus.lt\/en\/product\/ka2\/"]}]},{"@type":"ImageObject","inLanguage":"en-US","@id":"https:\/\/valorus.lt\/en\/product\/ka2\/#primaryimage","url":"https:\/\/valorus.lt\/wp-content\/uploads\/2025\/05\/KA2P.png","contentUrl":"https:\/\/valorus.lt\/wp-content\/uploads\/2025\/05\/KA2P.png","width":212,"height":500},{"@type":"BreadcrumbList","@id":"https:\/\/valorus.lt\/en\/product\/ka2\/#breadcrumb","itemListElement":[{"@type":"ListItem","position":1,"name":"Home","item":"https:\/\/valorus.lt\/en\/"},{"@type":"ListItem","position":2,"name":"Product catalog","item":"https:\/\/valorus.lt\/en\/product-catalog\/"},{"@type":"ListItem","position":3,"name":"Basketball competition uniform","item":"https:\/\/valorus.lt\/en\/product-category\/basketball-competition-uniform\/"},{"@type":"ListItem","position":4,"name":"KA119"}]},{"@type":"WebSite","@id":"https:\/\/valorus.lt\/#website","url":"https:\/\/valorus.lt\/","name":"Valorus","description":"Sportin\u0117 Ir Laisvalaikio Apranga","publisher":{"@id":"https:\/\/valorus.lt\/#organization"},"potentialAction":[{"@type":"SearchAction","target":{"@type":"EntryPoint","urlTemplate":"https:\/\/valorus.lt\/?s={search_term_string}"},"query-input":{"@type":"PropertyValueSpecification","valueRequired":true,"valueName":"search_term_string"}}],"inLanguage":"en-US"},{"@type":"Organization","@id":"https:\/\/valorus.lt\/#organization","name":"Valorus","url":"https:\/\/valorus.lt\/","logo":{"@type":"ImageObject","inLanguage":"en-US","@id":"https:\/\/valorus.lt\/#\/schema\/logo\/image\/","url":"https:\/\/valorus.lt\/wp-content\/uploads\/2025\/03\/Frame-1428.svg","contentUrl":"https:\/\/valorus.lt\/wp-content\/uploads\/2025\/03\/Frame-1428.svg","caption":"Valorus"},"image":{"@id":"https:\/\/valorus.lt\/#\/schema\/logo\/image\/"}}]}},"_links":{"self":[{"href":"https:\/\/valorus.lt\/en\/wp-json\/wp\/v2\/product\/2153","targetHints":{"allow":["GET"]}}],"collection":[{"href":"https:\/\/valorus.lt\/en\/wp-json\/wp\/v2\/product"}],"about":[{"href":"https:\/\/valorus.lt\/en\/wp-json\/wp\/v2\/types\/product"}],"replies":[{"embeddable":true,"href":"https:\/\/valorus.lt\/en\/wp-json\/wp\/v2\/comments?post=2153"}],"wp:featuredmedia":[{"embeddable":true,"href":"https:\/\/valorus.lt\/en\/wp-json\/wp\/v2\/media\/1212"}],"wp:attachment":[{"href":"https:\/\/valorus.lt\/en\/wp-json\/wp\/v2\/media?parent=2153"}],"wp:term":[{"taxonomy":"product_brand","embeddable":true,"href":"https:\/\/valorus.lt\/en\/wp-json\/wp\/v2\/product_brand?post=2153"},{"taxonomy":"product_cat","embeddable":true,"href":"https:\/\/valorus.lt\/en\/wp-json\/wp\/v2\/product_cat?post=2153"},{"taxonomy":"product_tag","embeddable":true,"href":"https:\/\/valorus.lt\/en\/wp-json\/wp\/v2\/product_tag?post=2153"}],"curies":[{"name":"wp","href":"https:\/\/api.w.org\/{rel}","templated":true}]}}