{"id":2545,"date":"2026-01-13T16:34:49","date_gmt":"2026-01-13T13:34:49","guid":{"rendered":"https:\/\/valorus.lt\/?post_type=product&#038;p=2545"},"modified":"2026-01-20T13:44:47","modified_gmt":"2026-01-20T10:44:47","slug":"ka33-copy-copy-copy-copy-copy-copy-copy-copy-copy-copy-copy-copy-copy-copy","status":"publish","type":"product","link":"https:\/\/valorus.lt\/en\/product\/ka33-copy-copy-copy-copy-copy-copy-copy-copy-copy-copy-copy-copy-copy-copy\/","title":{"rendered":"KA139"},"content":{"rendered":"<p>Dominuokite aik\u0161tel\u0117je su m\u016bs\u0173 individualizuotomis krep\u0161inio aprangomis! Sukurtos jud\u0117jimui, \u0161ios aprangos i\u0161 poliesterio u\u017etikrina maksimal\u0173 oro pralaidum\u0105 ir komfort\u0105 intensyvi\u0173 var\u017eyb\u0173 metu. Sublimacin\u0117 spauda leid\u017eia \u012fgyvendinti bet kok\u012f komandos dizain\u0105 \u2013 nuo numeri\u0173 ir pavard\u017ei\u0173 iki \u012fmantri\u0173 grafini\u0173 element\u0173, kurie i\u0161liks ry\u0161k\u016bs viso sezono metu.<\/p>\n<p><strong>Savyb\u0117s:<\/strong><\/p>\n<ul>\n<li>Pagaminta i\u0161 tvirto ir lengvo poliesterio<\/li>\n<li>Pilnai personalizuojamas dizainas sublimacijos technologija<\/li>\n<li>Optimalus oro pralaidumas ir dr\u0117gm\u0117s valdymas<\/li>\n<li>Nevar\u017eo judesi\u0173 ir u\u017etikrina komfort\u0105<\/li>\n<li>Spalvos i\u0161lieka ry\u0161kios net po daugelio skalbim\u0173<\/li>\n<\/ul>\n<p><strong>Prie\u017ei\u016bra:<\/strong><\/p>\n<ul>\n<li>Skalbti skalbimo ma\u0161inoje ne auk\u0161tesn\u0117je kaip 30-40\u00b0C temperat\u016broje, i\u0161vertus \u012f blog\u0105j\u0105 pus\u0119.<\/li>\n<li>Nenaudoti balikli\u0173 ar audini\u0173 mink\u0161tikli\u0173.<\/li>\n<li>D\u017eiovinti pakabinus arba d\u017eiovykl\u0117je \u017eemoje temperat\u016broje.<\/li>\n<li>Lyginti \u017eemoje temperat\u016broje, jei b\u016btina, vengiant tiesioginio kontakto su spauda.<\/li>\n<\/ul>\n","protected":false},"excerpt":{"rendered":"<p>Dominuokite aik\u0161tel\u0117je su m\u016bs\u0173 individualizuotomis krep\u0161inio aprangomis! Sukurtos jud\u0117jimui, \u0161ios aprangos i\u0161 poliesterio u\u017etikrina maksimal\u0173 oro pralaidum\u0105 ir komfort\u0105 intensyvi\u0173 var\u017eyb\u0173 metu. Sublimacin\u0117 spauda leid\u017eia \u012fgyvendinti bet kok\u012f komandos dizain\u0105 \u2013 nuo numeri\u0173 ir pavard\u017ei\u0173 iki \u012fmantri\u0173 grafini\u0173 element\u0173, kurie i\u0161liks ry\u0161k\u016bs viso sezono metu. Savyb\u0117s: Pagaminta i\u0161 tvirto ir lengvo poliesterio Pilnai personalizuojamas dizainas [&hellip;]<\/p>\n","protected":false},"featured_media":2547,"comment_status":"open","ping_status":"closed","template":"","meta":{"_acf_changed":false},"product_brand":[],"product_cat":[72],"product_tag":[],"class_list":{"0":"post-2545","1":"product","2":"type-product","3":"status-publish","4":"has-post-thumbnail","6":"product_cat-basketball-competition-uniform","8":"first","9":"instock","10":"taxable","11":"shipping-taxable","12":"purchasable","13":"product-type-simple"},"acf":[],"yoast_head":"<!-- This site is optimized with the Yoast SEO plugin v25.6 - https:\/\/yoast.com\/wordpress\/plugins\/seo\/ -->\n<title>KA139 - Valorus<\/title>\n<meta name=\"robots\" content=\"index, follow, max-snippet:-1, max-image-preview:large, max-video-preview:-1\" \/>\n<link rel=\"canonical\" href=\"https:\/\/valorus.lt\/en\/product\/ka33-copy-copy-copy-copy-copy-copy-copy-copy-copy-copy-copy-copy-copy-copy\/\" \/>\n<meta property=\"og:locale\" content=\"en_US\" \/>\n<meta property=\"og:type\" content=\"article\" \/>\n<meta property=\"og:title\" content=\"KA139 - Valorus\" \/>\n<meta property=\"og:description\" content=\"Dominuokite aik\u0161tel\u0117je su m\u016bs\u0173 individualizuotomis krep\u0161inio aprangomis! Sukurtos jud\u0117jimui, \u0161ios aprangos i\u0161 poliesterio u\u017etikrina maksimal\u0173 oro pralaidum\u0105 ir komfort\u0105 intensyvi\u0173 var\u017eyb\u0173 metu. Sublimacin\u0117 spauda leid\u017eia \u012fgyvendinti bet kok\u012f komandos dizain\u0105 \u2013 nuo numeri\u0173 ir pavard\u017ei\u0173 iki \u012fmantri\u0173 grafini\u0173 element\u0173, kurie i\u0161liks ry\u0161k\u016bs viso sezono metu. Savyb\u0117s: Pagaminta i\u0161 tvirto ir lengvo poliesterio Pilnai personalizuojamas dizainas [&hellip;]\" \/>\n<meta property=\"og:url\" content=\"https:\/\/valorus.lt\/en\/product\/ka33-copy-copy-copy-copy-copy-copy-copy-copy-copy-copy-copy-copy-copy-copy\/\" \/>\n<meta property=\"og:site_name\" content=\"Valorus\" \/>\n<meta property=\"article:modified_time\" content=\"2026-01-20T10:44:47+00:00\" \/>\n<meta property=\"og:image\" content=\"https:\/\/valorus.lt\/wp-content\/uploads\/2026\/01\/KA139-pr.png\" \/>\n\t<meta property=\"og:image:width\" content=\"250\" \/>\n\t<meta property=\"og:image:height\" content=\"618\" \/>\n\t<meta property=\"og:image:type\" content=\"image\/png\" \/>\n<meta name=\"twitter:card\" content=\"summary_large_image\" \/>\n<meta name=\"twitter:label1\" content=\"Est. reading time\" \/>\n\t<meta name=\"twitter:data1\" content=\"1 minute\" \/>\n<script type=\"application\/ld+json\" class=\"yoast-schema-graph\">{\"@context\":\"https:\/\/schema.org\",\"@graph\":[{\"@type\":\"WebPage\",\"@id\":\"https:\/\/valorus.lt\/en\/product\/ka33-copy-copy-copy-copy-copy-copy-copy-copy-copy-copy-copy-copy-copy-copy\/\",\"url\":\"https:\/\/valorus.lt\/en\/product\/ka33-copy-copy-copy-copy-copy-copy-copy-copy-copy-copy-copy-copy-copy-copy\/\",\"name\":\"KA139 - Valorus\",\"isPartOf\":{\"@id\":\"https:\/\/valorus.lt\/#website\"},\"primaryImageOfPage\":{\"@id\":\"https:\/\/valorus.lt\/en\/product\/ka33-copy-copy-copy-copy-copy-copy-copy-copy-copy-copy-copy-copy-copy-copy\/#primaryimage\"},\"image\":{\"@id\":\"https:\/\/valorus.lt\/en\/product\/ka33-copy-copy-copy-copy-copy-copy-copy-copy-copy-copy-copy-copy-copy-copy\/#primaryimage\"},\"thumbnailUrl\":\"https:\/\/valorus.lt\/wp-content\/uploads\/2026\/01\/KA139-pr.png\",\"datePublished\":\"2026-01-13T13:34:49+00:00\",\"dateModified\":\"2026-01-20T10:44:47+00:00\",\"breadcrumb\":{\"@id\":\"https:\/\/valorus.lt\/en\/product\/ka33-copy-copy-copy-copy-copy-copy-copy-copy-copy-copy-copy-copy-copy-copy\/#breadcrumb\"},\"inLanguage\":\"en-US\",\"potentialAction\":[{\"@type\":\"ReadAction\",\"target\":[\"https:\/\/valorus.lt\/en\/product\/ka33-copy-copy-copy-copy-copy-copy-copy-copy-copy-copy-copy-copy-copy-copy\/\"]}]},{\"@type\":\"ImageObject\",\"inLanguage\":\"en-US\",\"@id\":\"https:\/\/valorus.lt\/en\/product\/ka33-copy-copy-copy-copy-copy-copy-copy-copy-copy-copy-copy-copy-copy-copy\/#primaryimage\",\"url\":\"https:\/\/valorus.lt\/wp-content\/uploads\/2026\/01\/KA139-pr.png\",\"contentUrl\":\"https:\/\/valorus.lt\/wp-content\/uploads\/2026\/01\/KA139-pr.png\",\"width\":250,\"height\":618},{\"@type\":\"BreadcrumbList\",\"@id\":\"https:\/\/valorus.lt\/en\/product\/ka33-copy-copy-copy-copy-copy-copy-copy-copy-copy-copy-copy-copy-copy-copy\/#breadcrumb\",\"itemListElement\":[{\"@type\":\"ListItem\",\"position\":1,\"name\":\"Home\",\"item\":\"https:\/\/valorus.lt\/en\/\"},{\"@type\":\"ListItem\",\"position\":2,\"name\":\"Product catalog\",\"item\":\"https:\/\/valorus.lt\/en\/product-catalog\/\"},{\"@type\":\"ListItem\",\"position\":3,\"name\":\"Basketball competition uniform\",\"item\":\"https:\/\/valorus.lt\/en\/product-category\/basketball-competition-uniform\/\"},{\"@type\":\"ListItem\",\"position\":4,\"name\":\"KA139\"}]},{\"@type\":\"WebSite\",\"@id\":\"https:\/\/valorus.lt\/#website\",\"url\":\"https:\/\/valorus.lt\/\",\"name\":\"Valorus\",\"description\":\"Sportin\u0117 Ir Laisvalaikio Apranga\",\"publisher\":{\"@id\":\"https:\/\/valorus.lt\/#organization\"},\"potentialAction\":[{\"@type\":\"SearchAction\",\"target\":{\"@type\":\"EntryPoint\",\"urlTemplate\":\"https:\/\/valorus.lt\/?s={search_term_string}\"},\"query-input\":{\"@type\":\"PropertyValueSpecification\",\"valueRequired\":true,\"valueName\":\"search_term_string\"}}],\"inLanguage\":\"en-US\"},{\"@type\":\"Organization\",\"@id\":\"https:\/\/valorus.lt\/#organization\",\"name\":\"Valorus\",\"url\":\"https:\/\/valorus.lt\/\",\"logo\":{\"@type\":\"ImageObject\",\"inLanguage\":\"en-US\",\"@id\":\"https:\/\/valorus.lt\/#\/schema\/logo\/image\/\",\"url\":\"https:\/\/valorus.lt\/wp-content\/uploads\/2025\/03\/Frame-1428.svg\",\"contentUrl\":\"https:\/\/valorus.lt\/wp-content\/uploads\/2025\/03\/Frame-1428.svg\",\"caption\":\"Valorus\"},\"image\":{\"@id\":\"https:\/\/valorus.lt\/#\/schema\/logo\/image\/\"}}]}<\/script>\n<!-- \/ Yoast SEO plugin. -->","yoast_head_json":{"title":"KA139 - Valorus","robots":{"index":"index","follow":"follow","max-snippet":"max-snippet:-1","max-image-preview":"max-image-preview:large","max-video-preview":"max-video-preview:-1"},"canonical":"https:\/\/valorus.lt\/en\/product\/ka33-copy-copy-copy-copy-copy-copy-copy-copy-copy-copy-copy-copy-copy-copy\/","og_locale":"en_US","og_type":"article","og_title":"KA139 - Valorus","og_description":"Dominuokite aik\u0161tel\u0117je su m\u016bs\u0173 individualizuotomis krep\u0161inio aprangomis! Sukurtos jud\u0117jimui, \u0161ios aprangos i\u0161 poliesterio u\u017etikrina maksimal\u0173 oro pralaidum\u0105 ir komfort\u0105 intensyvi\u0173 var\u017eyb\u0173 metu. Sublimacin\u0117 spauda leid\u017eia \u012fgyvendinti bet kok\u012f komandos dizain\u0105 \u2013 nuo numeri\u0173 ir pavard\u017ei\u0173 iki \u012fmantri\u0173 grafini\u0173 element\u0173, kurie i\u0161liks ry\u0161k\u016bs viso sezono metu. Savyb\u0117s: Pagaminta i\u0161 tvirto ir lengvo poliesterio Pilnai personalizuojamas dizainas [&hellip;]","og_url":"https:\/\/valorus.lt\/en\/product\/ka33-copy-copy-copy-copy-copy-copy-copy-copy-copy-copy-copy-copy-copy-copy\/","og_site_name":"Valorus","article_modified_time":"2026-01-20T10:44:47+00:00","og_image":[{"width":250,"height":618,"url":"https:\/\/valorus.lt\/wp-content\/uploads\/2026\/01\/KA139-pr.png","type":"image\/png"}],"twitter_card":"summary_large_image","twitter_misc":{"Est. reading time":"1 minute"},"schema":{"@context":"https:\/\/schema.org","@graph":[{"@type":"WebPage","@id":"https:\/\/valorus.lt\/en\/product\/ka33-copy-copy-copy-copy-copy-copy-copy-copy-copy-copy-copy-copy-copy-copy\/","url":"https:\/\/valorus.lt\/en\/product\/ka33-copy-copy-copy-copy-copy-copy-copy-copy-copy-copy-copy-copy-copy-copy\/","name":"KA139 - Valorus","isPartOf":{"@id":"https:\/\/valorus.lt\/#website"},"primaryImageOfPage":{"@id":"https:\/\/valorus.lt\/en\/product\/ka33-copy-copy-copy-copy-copy-copy-copy-copy-copy-copy-copy-copy-copy-copy\/#primaryimage"},"image":{"@id":"https:\/\/valorus.lt\/en\/product\/ka33-copy-copy-copy-copy-copy-copy-copy-copy-copy-copy-copy-copy-copy-copy\/#primaryimage"},"thumbnailUrl":"https:\/\/valorus.lt\/wp-content\/uploads\/2026\/01\/KA139-pr.png","datePublished":"2026-01-13T13:34:49+00:00","dateModified":"2026-01-20T10:44:47+00:00","breadcrumb":{"@id":"https:\/\/valorus.lt\/en\/product\/ka33-copy-copy-copy-copy-copy-copy-copy-copy-copy-copy-copy-copy-copy-copy\/#breadcrumb"},"inLanguage":"en-US","potentialAction":[{"@type":"ReadAction","target":["https:\/\/valorus.lt\/en\/product\/ka33-copy-copy-copy-copy-copy-copy-copy-copy-copy-copy-copy-copy-copy-copy\/"]}]},{"@type":"ImageObject","inLanguage":"en-US","@id":"https:\/\/valorus.lt\/en\/product\/ka33-copy-copy-copy-copy-copy-copy-copy-copy-copy-copy-copy-copy-copy-copy\/#primaryimage","url":"https:\/\/valorus.lt\/wp-content\/uploads\/2026\/01\/KA139-pr.png","contentUrl":"https:\/\/valorus.lt\/wp-content\/uploads\/2026\/01\/KA139-pr.png","width":250,"height":618},{"@type":"BreadcrumbList","@id":"https:\/\/valorus.lt\/en\/product\/ka33-copy-copy-copy-copy-copy-copy-copy-copy-copy-copy-copy-copy-copy-copy\/#breadcrumb","itemListElement":[{"@type":"ListItem","position":1,"name":"Home","item":"https:\/\/valorus.lt\/en\/"},{"@type":"ListItem","position":2,"name":"Product catalog","item":"https:\/\/valorus.lt\/en\/product-catalog\/"},{"@type":"ListItem","position":3,"name":"Basketball competition uniform","item":"https:\/\/valorus.lt\/en\/product-category\/basketball-competition-uniform\/"},{"@type":"ListItem","position":4,"name":"KA139"}]},{"@type":"WebSite","@id":"https:\/\/valorus.lt\/#website","url":"https:\/\/valorus.lt\/","name":"Valorus","description":"Sportin\u0117 Ir Laisvalaikio Apranga","publisher":{"@id":"https:\/\/valorus.lt\/#organization"},"potentialAction":[{"@type":"SearchAction","target":{"@type":"EntryPoint","urlTemplate":"https:\/\/valorus.lt\/?s={search_term_string}"},"query-input":{"@type":"PropertyValueSpecification","valueRequired":true,"valueName":"search_term_string"}}],"inLanguage":"en-US"},{"@type":"Organization","@id":"https:\/\/valorus.lt\/#organization","name":"Valorus","url":"https:\/\/valorus.lt\/","logo":{"@type":"ImageObject","inLanguage":"en-US","@id":"https:\/\/valorus.lt\/#\/schema\/logo\/image\/","url":"https:\/\/valorus.lt\/wp-content\/uploads\/2025\/03\/Frame-1428.svg","contentUrl":"https:\/\/valorus.lt\/wp-content\/uploads\/2025\/03\/Frame-1428.svg","caption":"Valorus"},"image":{"@id":"https:\/\/valorus.lt\/#\/schema\/logo\/image\/"}}]}},"_links":{"self":[{"href":"https:\/\/valorus.lt\/en\/wp-json\/wp\/v2\/product\/2545","targetHints":{"allow":["GET"]}}],"collection":[{"href":"https:\/\/valorus.lt\/en\/wp-json\/wp\/v2\/product"}],"about":[{"href":"https:\/\/valorus.lt\/en\/wp-json\/wp\/v2\/types\/product"}],"replies":[{"embeddable":true,"href":"https:\/\/valorus.lt\/en\/wp-json\/wp\/v2\/comments?post=2545"}],"wp:featuredmedia":[{"embeddable":true,"href":"https:\/\/valorus.lt\/en\/wp-json\/wp\/v2\/media\/2547"}],"wp:attachment":[{"href":"https:\/\/valorus.lt\/en\/wp-json\/wp\/v2\/media?parent=2545"}],"wp:term":[{"taxonomy":"product_brand","embeddable":true,"href":"https:\/\/valorus.lt\/en\/wp-json\/wp\/v2\/product_brand?post=2545"},{"taxonomy":"product_cat","embeddable":true,"href":"https:\/\/valorus.lt\/en\/wp-json\/wp\/v2\/product_cat?post=2545"},{"taxonomy":"product_tag","embeddable":true,"href":"https:\/\/valorus.lt\/en\/wp-json\/wp\/v2\/product_tag?post=2545"}],"curies":[{"name":"wp","href":"https:\/\/api.w.org\/{rel}","templated":true}]}}