{"id":2730,"date":"2026-03-02T13:12:46","date_gmt":"2026-03-02T10:12:46","guid":{"rendered":"https:\/\/valorus.lt\/?post_type=product&#038;p=2730"},"modified":"2026-03-02T13:20:16","modified_gmt":"2026-03-02T10:20:16","slug":"z001-copy","status":"publish","type":"product","link":"https:\/\/valorus.lt\/en\/product\/z001-copy\/","title":{"rendered":"Z001 (Copy)"},"content":{"rendered":"<p style=\"font-weight: 400;\">Add comfort and uniqueness to your leisure time with our custom hoodies! Made from high-quality polyester, these hoodies are not only warm but also durable. Your unique design, applied using sublimation printing, will look impressive and won\u2019t fade\u2014letting you enjoy both comfort and style in any situation.<\/p>\n<p><strong>Features:<\/strong><\/p>\n<ul>\n<li>Made from high-quality and warm polyester.<\/li>\n<li>Full-surface custom design using sublimation printing.<\/li>\n<li>Durable and easy to maintain.<\/li>\n<li>Bright, non-abrasive, and fade-resistant colors.<\/li>\n<li>An ideal choice for cooler weather and comfortable leisure time.<\/li>\n<\/ul>\n<p><strong>Care Instructions:<\/strong><\/p>\n<ul>\n<li>Machine wash at 30\u201340\u00b0C, turned inside out.<\/li>\n<li>Do not use bleach or fabric softeners.<\/li>\n<li>Hang to dry or tumble dry on low heat.<\/li>\n<li>Iron on low heat if necessary, avoiding direct contact with printed areas.<\/li>\n<\/ul>\n","protected":false},"excerpt":{"rendered":"<p>Add comfort and uniqueness to your leisure time with our custom hoodies! Made from high-quality polyester, these hoodies are not only warm but also durable. Your unique design, applied using sublimation printing, will look impressive and won\u2019t fade\u2014letting you enjoy both comfort and style in any situation. Features: Made from high-quality and warm polyester. Full-surface [&hellip;]<\/p>\n","protected":false},"featured_media":2627,"comment_status":"open","ping_status":"closed","template":"","meta":{"_acf_changed":false},"product_brand":[],"product_cat":[],"product_tag":[],"class_list":{"0":"post-2730","1":"product","2":"type-product","3":"status-publish","4":"has-post-thumbnail","7":"first","8":"instock","9":"taxable","10":"shipping-taxable","11":"purchasable","12":"product-type-simple"},"acf":[],"yoast_head":"<!-- This site is optimized with the Yoast SEO plugin v25.6 - https:\/\/yoast.com\/wordpress\/plugins\/seo\/ -->\n<title>Z001 (Copy) - Valorus<\/title>\n<meta name=\"robots\" content=\"index, follow, max-snippet:-1, max-image-preview:large, max-video-preview:-1\" \/>\n<link rel=\"canonical\" href=\"https:\/\/valorus.lt\/en\/product\/z001-copy\/\" \/>\n<meta property=\"og:locale\" content=\"en_US\" \/>\n<meta property=\"og:type\" content=\"article\" \/>\n<meta property=\"og:title\" content=\"Z001 (Copy) - Valorus\" \/>\n<meta property=\"og:description\" content=\"Add comfort and uniqueness to your leisure time with our custom hoodies! Made from high-quality polyester, these hoodies are not only warm but also durable. Your unique design, applied using sublimation printing, will look impressive and won\u2019t fade\u2014letting you enjoy both comfort and style in any situation. Features: Made from high-quality and warm polyester. Full-surface [&hellip;]\" \/>\n<meta property=\"og:url\" content=\"https:\/\/valorus.lt\/en\/product\/z001-copy\/\" \/>\n<meta property=\"og:site_name\" content=\"Valorus\" \/>\n<meta property=\"article:modified_time\" content=\"2026-03-02T10:20:16+00:00\" \/>\n<meta property=\"og:image\" content=\"https:\/\/valorus.lt\/wp-content\/uploads\/2026\/01\/Z001-pr-e1772190321532.png\" \/>\n\t<meta property=\"og:image:width\" content=\"500\" \/>\n\t<meta property=\"og:image:height\" content=\"613\" \/>\n\t<meta property=\"og:image:type\" content=\"image\/png\" \/>\n<meta name=\"twitter:card\" content=\"summary_large_image\" \/>\n<meta name=\"twitter:label1\" content=\"Est. reading time\" \/>\n\t<meta name=\"twitter:data1\" content=\"1 minute\" \/>\n<script type=\"application\/ld+json\" class=\"yoast-schema-graph\">{\"@context\":\"https:\/\/schema.org\",\"@graph\":[{\"@type\":\"WebPage\",\"@id\":\"https:\/\/valorus.lt\/en\/product\/z001-copy\/\",\"url\":\"https:\/\/valorus.lt\/en\/product\/z001-copy\/\",\"name\":\"Z001 (Copy) - Valorus\",\"isPartOf\":{\"@id\":\"https:\/\/valorus.lt\/#website\"},\"primaryImageOfPage\":{\"@id\":\"https:\/\/valorus.lt\/en\/product\/z001-copy\/#primaryimage\"},\"image\":{\"@id\":\"https:\/\/valorus.lt\/en\/product\/z001-copy\/#primaryimage\"},\"thumbnailUrl\":\"https:\/\/valorus.lt\/wp-content\/uploads\/2026\/01\/Z001-pr-e1772190321532.png\",\"datePublished\":\"2026-03-02T10:12:46+00:00\",\"dateModified\":\"2026-03-02T10:20:16+00:00\",\"breadcrumb\":{\"@id\":\"https:\/\/valorus.lt\/en\/product\/z001-copy\/#breadcrumb\"},\"inLanguage\":\"en-US\",\"potentialAction\":[{\"@type\":\"ReadAction\",\"target\":[\"https:\/\/valorus.lt\/en\/product\/z001-copy\/\"]}]},{\"@type\":\"ImageObject\",\"inLanguage\":\"en-US\",\"@id\":\"https:\/\/valorus.lt\/en\/product\/z001-copy\/#primaryimage\",\"url\":\"https:\/\/valorus.lt\/wp-content\/uploads\/2026\/01\/Z001-pr-e1772190321532.png\",\"contentUrl\":\"https:\/\/valorus.lt\/wp-content\/uploads\/2026\/01\/Z001-pr-e1772190321532.png\",\"width\":500,\"height\":613},{\"@type\":\"BreadcrumbList\",\"@id\":\"https:\/\/valorus.lt\/en\/product\/z001-copy\/#breadcrumb\",\"itemListElement\":[{\"@type\":\"ListItem\",\"position\":1,\"name\":\"Home\",\"item\":\"https:\/\/valorus.lt\/en\/\"},{\"@type\":\"ListItem\",\"position\":2,\"name\":\"Product catalog\",\"item\":\"https:\/\/valorus.lt\/en\/product-catalog\/\"},{\"@type\":\"ListItem\",\"position\":3,\"name\":\"\u017dvej\u0173 mar\u0161kin\u0117liai\",\"item\":\"https:\/\/valorus.lt\/produkto-kategorija\/zveju-marskineliai\/\"},{\"@type\":\"ListItem\",\"position\":4,\"name\":\"Z001 (Copy)\"}]},{\"@type\":\"WebSite\",\"@id\":\"https:\/\/valorus.lt\/#website\",\"url\":\"https:\/\/valorus.lt\/\",\"name\":\"Valorus\",\"description\":\"Sportin\u0117 Ir Laisvalaikio Apranga\",\"publisher\":{\"@id\":\"https:\/\/valorus.lt\/#organization\"},\"potentialAction\":[{\"@type\":\"SearchAction\",\"target\":{\"@type\":\"EntryPoint\",\"urlTemplate\":\"https:\/\/valorus.lt\/?s={search_term_string}\"},\"query-input\":{\"@type\":\"PropertyValueSpecification\",\"valueRequired\":true,\"valueName\":\"search_term_string\"}}],\"inLanguage\":\"en-US\"},{\"@type\":\"Organization\",\"@id\":\"https:\/\/valorus.lt\/#organization\",\"name\":\"Valorus\",\"url\":\"https:\/\/valorus.lt\/\",\"logo\":{\"@type\":\"ImageObject\",\"inLanguage\":\"en-US\",\"@id\":\"https:\/\/valorus.lt\/#\/schema\/logo\/image\/\",\"url\":\"https:\/\/valorus.lt\/wp-content\/uploads\/2025\/03\/Frame-1428.svg\",\"contentUrl\":\"https:\/\/valorus.lt\/wp-content\/uploads\/2025\/03\/Frame-1428.svg\",\"caption\":\"Valorus\"},\"image\":{\"@id\":\"https:\/\/valorus.lt\/#\/schema\/logo\/image\/\"}}]}<\/script>\n<!-- \/ Yoast SEO plugin. -->","yoast_head_json":{"title":"Z001 (Copy) - Valorus","robots":{"index":"index","follow":"follow","max-snippet":"max-snippet:-1","max-image-preview":"max-image-preview:large","max-video-preview":"max-video-preview:-1"},"canonical":"https:\/\/valorus.lt\/en\/product\/z001-copy\/","og_locale":"en_US","og_type":"article","og_title":"Z001 (Copy) - Valorus","og_description":"Add comfort and uniqueness to your leisure time with our custom hoodies! Made from high-quality polyester, these hoodies are not only warm but also durable. Your unique design, applied using sublimation printing, will look impressive and won\u2019t fade\u2014letting you enjoy both comfort and style in any situation. Features: Made from high-quality and warm polyester. Full-surface [&hellip;]","og_url":"https:\/\/valorus.lt\/en\/product\/z001-copy\/","og_site_name":"Valorus","article_modified_time":"2026-03-02T10:20:16+00:00","og_image":[{"width":500,"height":613,"url":"https:\/\/valorus.lt\/wp-content\/uploads\/2026\/01\/Z001-pr-e1772190321532.png","type":"image\/png"}],"twitter_card":"summary_large_image","twitter_misc":{"Est. reading time":"1 minute"},"schema":{"@context":"https:\/\/schema.org","@graph":[{"@type":"WebPage","@id":"https:\/\/valorus.lt\/en\/product\/z001-copy\/","url":"https:\/\/valorus.lt\/en\/product\/z001-copy\/","name":"Z001 (Copy) - Valorus","isPartOf":{"@id":"https:\/\/valorus.lt\/#website"},"primaryImageOfPage":{"@id":"https:\/\/valorus.lt\/en\/product\/z001-copy\/#primaryimage"},"image":{"@id":"https:\/\/valorus.lt\/en\/product\/z001-copy\/#primaryimage"},"thumbnailUrl":"https:\/\/valorus.lt\/wp-content\/uploads\/2026\/01\/Z001-pr-e1772190321532.png","datePublished":"2026-03-02T10:12:46+00:00","dateModified":"2026-03-02T10:20:16+00:00","breadcrumb":{"@id":"https:\/\/valorus.lt\/en\/product\/z001-copy\/#breadcrumb"},"inLanguage":"en-US","potentialAction":[{"@type":"ReadAction","target":["https:\/\/valorus.lt\/en\/product\/z001-copy\/"]}]},{"@type":"ImageObject","inLanguage":"en-US","@id":"https:\/\/valorus.lt\/en\/product\/z001-copy\/#primaryimage","url":"https:\/\/valorus.lt\/wp-content\/uploads\/2026\/01\/Z001-pr-e1772190321532.png","contentUrl":"https:\/\/valorus.lt\/wp-content\/uploads\/2026\/01\/Z001-pr-e1772190321532.png","width":500,"height":613},{"@type":"BreadcrumbList","@id":"https:\/\/valorus.lt\/en\/product\/z001-copy\/#breadcrumb","itemListElement":[{"@type":"ListItem","position":1,"name":"Home","item":"https:\/\/valorus.lt\/en\/"},{"@type":"ListItem","position":2,"name":"Product catalog","item":"https:\/\/valorus.lt\/en\/product-catalog\/"},{"@type":"ListItem","position":3,"name":"\u017dvej\u0173 mar\u0161kin\u0117liai","item":"https:\/\/valorus.lt\/produkto-kategorija\/zveju-marskineliai\/"},{"@type":"ListItem","position":4,"name":"Z001 (Copy)"}]},{"@type":"WebSite","@id":"https:\/\/valorus.lt\/#website","url":"https:\/\/valorus.lt\/","name":"Valorus","description":"Sportin\u0117 Ir Laisvalaikio Apranga","publisher":{"@id":"https:\/\/valorus.lt\/#organization"},"potentialAction":[{"@type":"SearchAction","target":{"@type":"EntryPoint","urlTemplate":"https:\/\/valorus.lt\/?s={search_term_string}"},"query-input":{"@type":"PropertyValueSpecification","valueRequired":true,"valueName":"search_term_string"}}],"inLanguage":"en-US"},{"@type":"Organization","@id":"https:\/\/valorus.lt\/#organization","name":"Valorus","url":"https:\/\/valorus.lt\/","logo":{"@type":"ImageObject","inLanguage":"en-US","@id":"https:\/\/valorus.lt\/#\/schema\/logo\/image\/","url":"https:\/\/valorus.lt\/wp-content\/uploads\/2025\/03\/Frame-1428.svg","contentUrl":"https:\/\/valorus.lt\/wp-content\/uploads\/2025\/03\/Frame-1428.svg","caption":"Valorus"},"image":{"@id":"https:\/\/valorus.lt\/#\/schema\/logo\/image\/"}}]}},"_links":{"self":[{"href":"https:\/\/valorus.lt\/en\/wp-json\/wp\/v2\/product\/2730","targetHints":{"allow":["GET"]}}],"collection":[{"href":"https:\/\/valorus.lt\/en\/wp-json\/wp\/v2\/product"}],"about":[{"href":"https:\/\/valorus.lt\/en\/wp-json\/wp\/v2\/types\/product"}],"replies":[{"embeddable":true,"href":"https:\/\/valorus.lt\/en\/wp-json\/wp\/v2\/comments?post=2730"}],"wp:featuredmedia":[{"embeddable":true,"href":"https:\/\/valorus.lt\/en\/wp-json\/wp\/v2\/media\/2627"}],"wp:attachment":[{"href":"https:\/\/valorus.lt\/en\/wp-json\/wp\/v2\/media?parent=2730"}],"wp:term":[{"taxonomy":"product_brand","embeddable":true,"href":"https:\/\/valorus.lt\/en\/wp-json\/wp\/v2\/product_brand?post=2730"},{"taxonomy":"product_cat","embeddable":true,"href":"https:\/\/valorus.lt\/en\/wp-json\/wp\/v2\/product_cat?post=2730"},{"taxonomy":"product_tag","embeddable":true,"href":"https:\/\/valorus.lt\/en\/wp-json\/wp\/v2\/product_tag?post=2730"}],"curies":[{"name":"wp","href":"https:\/\/api.w.org\/{rel}","templated":true}]}}