{"id":2740,"date":"2026-03-02T14:11:29","date_gmt":"2026-03-02T11:11:29","guid":{"rendered":"https:\/\/valorus.lt\/?post_type=product&#038;p=2740"},"modified":"2026-03-02T14:15:56","modified_gmt":"2026-03-02T11:15:56","slug":"z003","status":"publish","type":"product","link":"https:\/\/valorus.lt\/en\/produktas\/z003\/","title":{"rendered":"Z003"},"content":{"rendered":"<p>Suteikite savo laisvalaikiui i\u0161skirtinumo su m\u016bs\u0173 \u017evej\u0173 mar\u0161kin\u0117liais! Pagaminti i\u0161 kokybi\u0161ko, orui laidaus poliesterio, \u0161ie mar\u0161kin\u0117liai yra lengvi, patog\u016bs ir puikiai pritaikyti aktyviam laisvalaikiui gamtoje. J\u016bs\u0173 unikalus dizainas, perkeltas sublimacijos metodu, atrodys \u012fsp\u016bdingai ir nei\u0161bluks, tod\u0117l gal\u0117site m\u0117gautis stiliumi tiek \u017evejybos metu, tiek kasdien\u0117je aplinkoje.<\/p>\n<p><strong>Savyb\u0117s:<\/strong><\/p>\n<ul>\n<li>Pagaminti i\u0161 kokybi\u0161ko, lengvo ir kv\u0117puojan\u010dio poliesterio<\/li>\n<li>Individualus dizainas visame mar\u0161kin\u0117li\u0173 pavir\u0161iuje sublimacijos b\u016bdu<\/li>\n<li>Patvar\u016bs ir greitai d\u017ei\u016bstantys<\/li>\n<li>Ry\u0161kios, nenusitrinan\u010dios ir nei\u0161blunkan\u010dios spalvos<\/li>\n<li>Idealus pasirinkimas \u017evejybai, i\u0161vykoms \u012f gamt\u0105 ir aktyviam laisvalaikiui<\/li>\n<\/ul>\n<p><strong>Prie\u017ei\u016bra:<\/strong><\/p>\n<ul>\n<li>Skalbti skalbimo ma\u0161inoje ne auk\u0161tesn\u0117je kaip 30\u201340 \u00b0C temperat\u016broje, i\u0161vertus \u012f blog\u0105j\u0105 pus\u0119.<\/li>\n<li>Nenaudoti balikli\u0173 ar audini\u0173 mink\u0161tikli\u0173.<\/li>\n<li>D\u017eiovinti pakabinus arba d\u017eiovykl\u0117je \u017eemoje temperat\u016broje.<\/li>\n<li>Jei reikia, lyginti \u017eemoje temperat\u016broje, vengiant tiesioginio kontakto su spauda.<\/li>\n<\/ul>\n","protected":false},"excerpt":{"rendered":"<p>Suteikite savo laisvalaikiui i\u0161skirtinumo su m\u016bs\u0173 \u017evej\u0173 mar\u0161kin\u0117liais! Pagaminti i\u0161 kokybi\u0161ko, orui laidaus poliesterio, \u0161ie mar\u0161kin\u0117liai yra lengvi, patog\u016bs ir puikiai pritaikyti aktyviam laisvalaikiui gamtoje. J\u016bs\u0173 unikalus dizainas, perkeltas sublimacijos metodu, atrodys \u012fsp\u016bdingai ir nei\u0161bluks, tod\u0117l gal\u0117site m\u0117gautis stiliumi tiek \u017evejybos metu, tiek kasdien\u0117je aplinkoje. Savyb\u0117s: Pagaminti i\u0161 kokybi\u0161ko, lengvo ir kv\u0117puojan\u010dio poliesterio Individualus dizainas [&hellip;]<\/p>\n","protected":false},"featured_media":2741,"comment_status":"open","ping_status":"closed","template":"","meta":{"_acf_changed":false},"product_brand":[],"product_cat":[92],"product_tag":[],"class_list":{"0":"post-2740","1":"product","2":"type-product","3":"status-publish","4":"has-post-thumbnail","6":"product_cat-zveju-marskineliai","8":"first","9":"instock","10":"taxable","11":"shipping-taxable","12":"purchasable","13":"product-type-simple"},"acf":[],"yoast_head":"<!-- This site is optimized with the Yoast SEO plugin v25.6 - https:\/\/yoast.com\/wordpress\/plugins\/seo\/ -->\n<title>Z003 - Valorus<\/title>\n<meta name=\"robots\" content=\"index, follow, max-snippet:-1, max-image-preview:large, max-video-preview:-1\" \/>\n<link rel=\"canonical\" href=\"https:\/\/valorus.lt\/produktas\/z003\/\" \/>\n<meta property=\"og:locale\" content=\"en_US\" \/>\n<meta property=\"og:type\" content=\"article\" \/>\n<meta property=\"og:title\" content=\"Z003 - Valorus\" \/>\n<meta property=\"og:description\" content=\"Suteikite savo laisvalaikiui i\u0161skirtinumo su m\u016bs\u0173 \u017evej\u0173 mar\u0161kin\u0117liais! Pagaminti i\u0161 kokybi\u0161ko, orui laidaus poliesterio, \u0161ie mar\u0161kin\u0117liai yra lengvi, patog\u016bs ir puikiai pritaikyti aktyviam laisvalaikiui gamtoje. J\u016bs\u0173 unikalus dizainas, perkeltas sublimacijos metodu, atrodys \u012fsp\u016bdingai ir nei\u0161bluks, tod\u0117l gal\u0117site m\u0117gautis stiliumi tiek \u017evejybos metu, tiek kasdien\u0117je aplinkoje. Savyb\u0117s: Pagaminti i\u0161 kokybi\u0161ko, lengvo ir kv\u0117puojan\u010dio poliesterio Individualus dizainas [&hellip;]\" \/>\n<meta property=\"og:url\" content=\"https:\/\/valorus.lt\/produktas\/z003\/\" \/>\n<meta property=\"og:site_name\" content=\"Valorus\" \/>\n<meta property=\"article:modified_time\" content=\"2026-03-02T11:15:56+00:00\" \/>\n<meta property=\"og:image\" content=\"https:\/\/valorus.lt\/wp-content\/uploads\/2026\/03\/FSH5-PR-KRZ-Team-scaled-e1772449185740-838x1024.png\" \/>\n\t<meta property=\"og:image:width\" content=\"838\" \/>\n\t<meta property=\"og:image:height\" content=\"1024\" \/>\n\t<meta property=\"og:image:type\" content=\"image\/png\" \/>\n<meta name=\"twitter:card\" content=\"summary_large_image\" \/>\n<meta name=\"twitter:label1\" content=\"Est. reading time\" \/>\n\t<meta name=\"twitter:data1\" content=\"1 minute\" \/>\n<script type=\"application\/ld+json\" class=\"yoast-schema-graph\">{\"@context\":\"https:\/\/schema.org\",\"@graph\":[{\"@type\":\"WebPage\",\"@id\":\"https:\/\/valorus.lt\/produktas\/z003\/\",\"url\":\"https:\/\/valorus.lt\/produktas\/z003\/\",\"name\":\"Z003 - Valorus\",\"isPartOf\":{\"@id\":\"https:\/\/valorus.lt\/#website\"},\"primaryImageOfPage\":{\"@id\":\"https:\/\/valorus.lt\/produktas\/z003\/#primaryimage\"},\"image\":{\"@id\":\"https:\/\/valorus.lt\/produktas\/z003\/#primaryimage\"},\"thumbnailUrl\":\"https:\/\/valorus.lt\/wp-content\/uploads\/2026\/03\/FSH5-PR-KRZ-Team-scaled-e1772449185740.png\",\"datePublished\":\"2026-03-02T11:11:29+00:00\",\"dateModified\":\"2026-03-02T11:15:56+00:00\",\"breadcrumb\":{\"@id\":\"https:\/\/valorus.lt\/produktas\/z003\/#breadcrumb\"},\"inLanguage\":\"en-US\",\"potentialAction\":[{\"@type\":\"ReadAction\",\"target\":[\"https:\/\/valorus.lt\/produktas\/z003\/\"]}]},{\"@type\":\"ImageObject\",\"inLanguage\":\"en-US\",\"@id\":\"https:\/\/valorus.lt\/produktas\/z003\/#primaryimage\",\"url\":\"https:\/\/valorus.lt\/wp-content\/uploads\/2026\/03\/FSH5-PR-KRZ-Team-scaled-e1772449185740.png\",\"contentUrl\":\"https:\/\/valorus.lt\/wp-content\/uploads\/2026\/03\/FSH5-PR-KRZ-Team-scaled-e1772449185740.png\",\"width\":1620,\"height\":1980},{\"@type\":\"BreadcrumbList\",\"@id\":\"https:\/\/valorus.lt\/produktas\/z003\/#breadcrumb\",\"itemListElement\":[{\"@type\":\"ListItem\",\"position\":1,\"name\":\"Home\",\"item\":\"https:\/\/valorus.lt\/en\/\"},{\"@type\":\"ListItem\",\"position\":2,\"name\":\"Product catalog\",\"item\":\"https:\/\/valorus.lt\/en\/product-catalog\/\"},{\"@type\":\"ListItem\",\"position\":3,\"name\":\"\u017dvej\u0173 mar\u0161kin\u0117liai\",\"item\":\"https:\/\/valorus.lt\/produkto-kategorija\/zveju-marskineliai\/\"},{\"@type\":\"ListItem\",\"position\":4,\"name\":\"Z003\"}]},{\"@type\":\"WebSite\",\"@id\":\"https:\/\/valorus.lt\/#website\",\"url\":\"https:\/\/valorus.lt\/\",\"name\":\"Valorus\",\"description\":\"Sportin\u0117 Ir Laisvalaikio Apranga\",\"publisher\":{\"@id\":\"https:\/\/valorus.lt\/#organization\"},\"potentialAction\":[{\"@type\":\"SearchAction\",\"target\":{\"@type\":\"EntryPoint\",\"urlTemplate\":\"https:\/\/valorus.lt\/?s={search_term_string}\"},\"query-input\":{\"@type\":\"PropertyValueSpecification\",\"valueRequired\":true,\"valueName\":\"search_term_string\"}}],\"inLanguage\":\"en-US\"},{\"@type\":\"Organization\",\"@id\":\"https:\/\/valorus.lt\/#organization\",\"name\":\"Valorus\",\"url\":\"https:\/\/valorus.lt\/\",\"logo\":{\"@type\":\"ImageObject\",\"inLanguage\":\"en-US\",\"@id\":\"https:\/\/valorus.lt\/#\/schema\/logo\/image\/\",\"url\":\"https:\/\/valorus.lt\/wp-content\/uploads\/2025\/03\/Frame-1428.svg\",\"contentUrl\":\"https:\/\/valorus.lt\/wp-content\/uploads\/2025\/03\/Frame-1428.svg\",\"caption\":\"Valorus\"},\"image\":{\"@id\":\"https:\/\/valorus.lt\/#\/schema\/logo\/image\/\"}}]}<\/script>\n<!-- \/ Yoast SEO plugin. -->","yoast_head_json":{"title":"Z003 - Valorus","robots":{"index":"index","follow":"follow","max-snippet":"max-snippet:-1","max-image-preview":"max-image-preview:large","max-video-preview":"max-video-preview:-1"},"canonical":"https:\/\/valorus.lt\/produktas\/z003\/","og_locale":"en_US","og_type":"article","og_title":"Z003 - Valorus","og_description":"Suteikite savo laisvalaikiui i\u0161skirtinumo su m\u016bs\u0173 \u017evej\u0173 mar\u0161kin\u0117liais! Pagaminti i\u0161 kokybi\u0161ko, orui laidaus poliesterio, \u0161ie mar\u0161kin\u0117liai yra lengvi, patog\u016bs ir puikiai pritaikyti aktyviam laisvalaikiui gamtoje. J\u016bs\u0173 unikalus dizainas, perkeltas sublimacijos metodu, atrodys \u012fsp\u016bdingai ir nei\u0161bluks, tod\u0117l gal\u0117site m\u0117gautis stiliumi tiek \u017evejybos metu, tiek kasdien\u0117je aplinkoje. Savyb\u0117s: Pagaminti i\u0161 kokybi\u0161ko, lengvo ir kv\u0117puojan\u010dio poliesterio Individualus dizainas [&hellip;]","og_url":"https:\/\/valorus.lt\/produktas\/z003\/","og_site_name":"Valorus","article_modified_time":"2026-03-02T11:15:56+00:00","og_image":[{"width":838,"height":1024,"url":"https:\/\/valorus.lt\/wp-content\/uploads\/2026\/03\/FSH5-PR-KRZ-Team-scaled-e1772449185740-838x1024.png","type":"image\/png"}],"twitter_card":"summary_large_image","twitter_misc":{"Est. reading time":"1 minute"},"schema":{"@context":"https:\/\/schema.org","@graph":[{"@type":"WebPage","@id":"https:\/\/valorus.lt\/produktas\/z003\/","url":"https:\/\/valorus.lt\/produktas\/z003\/","name":"Z003 - Valorus","isPartOf":{"@id":"https:\/\/valorus.lt\/#website"},"primaryImageOfPage":{"@id":"https:\/\/valorus.lt\/produktas\/z003\/#primaryimage"},"image":{"@id":"https:\/\/valorus.lt\/produktas\/z003\/#primaryimage"},"thumbnailUrl":"https:\/\/valorus.lt\/wp-content\/uploads\/2026\/03\/FSH5-PR-KRZ-Team-scaled-e1772449185740.png","datePublished":"2026-03-02T11:11:29+00:00","dateModified":"2026-03-02T11:15:56+00:00","breadcrumb":{"@id":"https:\/\/valorus.lt\/produktas\/z003\/#breadcrumb"},"inLanguage":"en-US","potentialAction":[{"@type":"ReadAction","target":["https:\/\/valorus.lt\/produktas\/z003\/"]}]},{"@type":"ImageObject","inLanguage":"en-US","@id":"https:\/\/valorus.lt\/produktas\/z003\/#primaryimage","url":"https:\/\/valorus.lt\/wp-content\/uploads\/2026\/03\/FSH5-PR-KRZ-Team-scaled-e1772449185740.png","contentUrl":"https:\/\/valorus.lt\/wp-content\/uploads\/2026\/03\/FSH5-PR-KRZ-Team-scaled-e1772449185740.png","width":1620,"height":1980},{"@type":"BreadcrumbList","@id":"https:\/\/valorus.lt\/produktas\/z003\/#breadcrumb","itemListElement":[{"@type":"ListItem","position":1,"name":"Home","item":"https:\/\/valorus.lt\/en\/"},{"@type":"ListItem","position":2,"name":"Product catalog","item":"https:\/\/valorus.lt\/en\/product-catalog\/"},{"@type":"ListItem","position":3,"name":"\u017dvej\u0173 mar\u0161kin\u0117liai","item":"https:\/\/valorus.lt\/produkto-kategorija\/zveju-marskineliai\/"},{"@type":"ListItem","position":4,"name":"Z003"}]},{"@type":"WebSite","@id":"https:\/\/valorus.lt\/#website","url":"https:\/\/valorus.lt\/","name":"Valorus","description":"Sportin\u0117 Ir Laisvalaikio Apranga","publisher":{"@id":"https:\/\/valorus.lt\/#organization"},"potentialAction":[{"@type":"SearchAction","target":{"@type":"EntryPoint","urlTemplate":"https:\/\/valorus.lt\/?s={search_term_string}"},"query-input":{"@type":"PropertyValueSpecification","valueRequired":true,"valueName":"search_term_string"}}],"inLanguage":"en-US"},{"@type":"Organization","@id":"https:\/\/valorus.lt\/#organization","name":"Valorus","url":"https:\/\/valorus.lt\/","logo":{"@type":"ImageObject","inLanguage":"en-US","@id":"https:\/\/valorus.lt\/#\/schema\/logo\/image\/","url":"https:\/\/valorus.lt\/wp-content\/uploads\/2025\/03\/Frame-1428.svg","contentUrl":"https:\/\/valorus.lt\/wp-content\/uploads\/2025\/03\/Frame-1428.svg","caption":"Valorus"},"image":{"@id":"https:\/\/valorus.lt\/#\/schema\/logo\/image\/"}}]}},"_links":{"self":[{"href":"https:\/\/valorus.lt\/en\/wp-json\/wp\/v2\/product\/2740","targetHints":{"allow":["GET"]}}],"collection":[{"href":"https:\/\/valorus.lt\/en\/wp-json\/wp\/v2\/product"}],"about":[{"href":"https:\/\/valorus.lt\/en\/wp-json\/wp\/v2\/types\/product"}],"replies":[{"embeddable":true,"href":"https:\/\/valorus.lt\/en\/wp-json\/wp\/v2\/comments?post=2740"}],"wp:featuredmedia":[{"embeddable":true,"href":"https:\/\/valorus.lt\/en\/wp-json\/wp\/v2\/media\/2741"}],"wp:attachment":[{"href":"https:\/\/valorus.lt\/en\/wp-json\/wp\/v2\/media?parent=2740"}],"wp:term":[{"taxonomy":"product_brand","embeddable":true,"href":"https:\/\/valorus.lt\/en\/wp-json\/wp\/v2\/product_brand?post=2740"},{"taxonomy":"product_cat","embeddable":true,"href":"https:\/\/valorus.lt\/en\/wp-json\/wp\/v2\/product_cat?post=2740"},{"taxonomy":"product_tag","embeddable":true,"href":"https:\/\/valorus.lt\/en\/wp-json\/wp\/v2\/product_tag?post=2740"}],"curies":[{"name":"wp","href":"https:\/\/api.w.org\/{rel}","templated":true}]}}